{"id":2407,"date":"2024-07-02T12:12:49","date_gmt":"2024-07-02T10:12:49","guid":{"rendered":"https:\/\/sonnenschein-apartments.de\/?page_id=2407"},"modified":"2025-02-28T08:57:52","modified_gmt":"2025-02-28T07:57:52","slug":"impressum","status":"publish","type":"page","link":"https:\/\/sonnenschein-heiligenstadt.de\/en\/impressum\/","title":{"rendered":"imprint"},"content":{"rendered":"<div data-elementor-type=\"wp-page\" data-elementor-id=\"2407\" class=\"elementor elementor-2407\" data-elementor-post-type=\"page\">\n\t\t\t\t\t\t<section class=\"elementor-section elementor-top-section elementor-element elementor-element-de11ab6 elementor-section-boxed elementor-section-height-default elementor-section-height-default\" data-id=\"de11ab6\" data-element_type=\"section\" data-e-type=\"section\">\n\t\t\t\t\t\t<div class=\"elementor-container elementor-column-gap-default\">\n\t\t\t\t\t<div class=\"elementor-column elementor-col-100 elementor-top-column elementor-element elementor-element-03b2ee6\" data-id=\"03b2ee6\" data-element_type=\"column\" data-e-type=\"column\">\n\t\t\t<div class=\"elementor-widget-wrap elementor-element-populated\">\n\t\t\t\t\t\t<div class=\"elementor-element elementor-element-2b22f5f elementor-widget elementor-widget-text-editor\" data-id=\"2b22f5f\" data-element_type=\"widget\" data-e-type=\"widget\" data-widget_type=\"text-editor.default\">\n\t\t\t\t<div class=\"elementor-widget-container\">\n\t\t\t\t\t\t\t\t\t<h1>imprint<\/h1><p><strong>Information in accordance with legal<\/strong><strong> Requirements<\/strong><\/p><p>D\u00f6ring &amp; Sywall eGbR<br \/>Cranachstra\u00dfe 17-18 | 37308 Heilbad Heiligenstadt<br \/>Managing Directors: Stephan D\u00f6ring, Jonas Sywall<\/p><p>Jena District Court | GsR 237<br \/>VAT ID No.: will be submitted later<br \/>Phone: <a href=\"tel:+4936066990010\">+49 3606 6990010<\/a><br \/>E-mail: <a id=\"ow64\" href=\"mailto:info@sonnenschein-heiligenstadt.de\" target=\"_blank\" rel=\"noopener\">info@sonnenschein-heiligenstadt.de<\/a><\/p><p>Responsible for content: Stephan D\u00f6ring, Jonas Sywall (address see above)<\/p><p>EU Commission platform for online dispute resolution: <a href=\"http:\/\/ec.europa.eu\/consumers\/odr\" target=\"_blank\" rel=\"noreferrer noopener\">http:\/\/ec.europa.eu\/consumers\/odr<\/a><br \/>We are neither obliged nor willing to participate in dispute resolution proceedings before a consumer arbitration board.<\/p><p><strong>DISCLAIMER:<\/strong><\/p><p><strong>Liability for content<\/strong><\/p><p>The contents of our pages were created with the utmost care. However, we cannot guarantee the accuracy, completeness, or timeliness of the content. As a service provider, we are liable for our own contents on these pages in accordance with Section 7 (1) of the German Telemedia Act (TMG). However, according to Sections 8 to 10 of the German Telemedia Act (TMG), as a service provider we are not obligated to monitor submitted or stored third-party information or to search for evidence that indicates illegal activity. Legal obligations to remove information or to block the use of information remain unaffected. In this case, liability is only possible at the time of knowledge about a specific violation of law. Upon knowledge of such violations, we will remove this content immediately.<\/p><p><strong>Liability for links<\/strong><\/p><p>Our offer contains links to external third-party websites over whose content we have no influence. Therefore, we cannot accept any liability for this external content. The respective provider or operator of the pages is always responsible for the content of the linked pages. The linked pages were checked for possible legal violations at the time of linking. Illegal content was not recognizable at the time of linking. However, permanent monitoring of the content of the linked pages is not reasonable without concrete evidence of a legal violation. Upon notification of any legal violations, we will remove such links immediately.<\/p><p><strong>copyright<\/strong><\/p><p>The content and works on these pages created by the site operators are subject to German copyright law. Reproduction, processing, distribution, and any type of exploitation outside the limits of copyright law require the written consent of the respective author or creator. Downloads and copies of this site are permitted for private, non-commercial use only. To the extent that the content on this site was not created by the operator, the copyrights of third parties are respected. In particular, third-party content is marked as such. Should you nevertheless become aware of a copyright infringement, we ask you to notify us accordingly. Upon notification of any violations, we will remove such content immediately.<\/p><p><strong>Design &amp; Realization<br \/><\/strong>EventBooking24.com GmbH<br \/>Goldfeldweg 8<br \/>63456 Hanau<br \/><a href=\"mailto:info@eventbooking24.com\">info@eventbooking24.com<\/a><br \/><a href=\"https:\/\/eventbooking24.com\" target=\"_blank\" rel=\"noopener\">https:\/\/eventbooking24.com<\/a><\/p>\t\t\t\t\t\t\t\t<\/div>\n\t\t\t\t<\/div>\n\t\t\t\t\t<\/div>\n\t\t<\/div>\n\t\t\t\t\t<\/div>\n\t\t<\/section>\n\t\t\t\t<\/div>","protected":false},"excerpt":{"rendered":"<p>Impressum Angaben gem\u00e4\u00df gesetzlichen Anforderungen D\u00f6ring &amp; Sywall eGbRCranachstra\u00dfe 17-18 | 37308 Heilbad HeiligenstadtGesch\u00e4ftsf\u00fchrer: Stephan D\u00f6ring, Jonas Sywall Amtsgericht Jena | GsR 237USt-IdNr.: wird nachgereichtTelefon: +49 3606 6990010E-Mail: info@sonnenschein-heiligenstadt.de Inhaltlicher Verantwortlicher: Stephan D\u00f6ring, Jonas Sywall(Anschrift s.o.) Plattform der EU-Kommission zur Online-Streit\u00adbeilegung: http:\/\/ec.europa.eu\/consumers\/odrWir sind zur Teilnahme an einem Streitbeilegungs\u00adverfahren vor einer Verbraucherschlichtungsstelle weder verpflichtet noch bereit. &#8230;<\/p>","protected":false},"author":1,"featured_media":0,"parent":0,"menu_order":0,"comment_status":"closed","ping_status":"closed","template":"elementor_header_footer","meta":{"_acf_changed":false,"cozystay_single_page_hide_site_header":"","cozystay_single_page_site_header_source":"","cozystay_single_page_custom_site_header":"0","cozystay_single_page_custom_sticky_site_header":"0","cozystay_single_page_hide_page_title":"","cozystay_single_page_header_section_size":"","cozystay_single_page_header_background_color":"","cozystay_single_page_header_background_position_x":"center","cozystay_single_page_header_background_position_y":"center","cozystay_single_page_header_background_size":"cover","cozystay_single_page_header_background_repeat":"off","cozystay_single_page_header_background_scroll":"on","cozystay_single_page_header_text_color":"","cozystay_single_page_header_show_breadcrumb":"","cozystay_single_page_site_footer_hide_main":"","cozystay_single_custom_site_footer_main_source":"","cozystay_single_custom_site_footer_main":"0","cozystay_single_page_site_footer_hide_above":"","cozystay_single_custom_site_footer_above_source":"","cozystay_single_custom_site_footer_above":"0","cozystay_single_page_site_footer_hide_instagram":"","cozystay_single_page_site_footer_hide_bottom":"","cozystay_single_custom_mobile_menu_source":"","cozystay_single_custom_mobile_menu":"0","cozystay_single_custom_mobile_menu_animation":"","cozystay_single_custom_mobile_menu_width":"","cozystay_single_custom_mobile_menu_custom_width":375,"footnotes":""},"class_list":["post-2407","page","type-page","status-publish","hentry"],"acf":[],"_links":{"self":[{"href":"https:\/\/sonnenschein-heiligenstadt.de\/en\/wp-json\/wp\/v2\/pages\/2407","targetHints":{"allow":["GET"]}}],"collection":[{"href":"https:\/\/sonnenschein-heiligenstadt.de\/en\/wp-json\/wp\/v2\/pages"}],"about":[{"href":"https:\/\/sonnenschein-heiligenstadt.de\/en\/wp-json\/wp\/v2\/types\/page"}],"author":[{"embeddable":true,"href":"https:\/\/sonnenschein-heiligenstadt.de\/en\/wp-json\/wp\/v2\/users\/1"}],"replies":[{"embeddable":true,"href":"https:\/\/sonnenschein-heiligenstadt.de\/en\/wp-json\/wp\/v2\/comments?post=2407"}],"version-history":[{"count":0,"href":"https:\/\/sonnenschein-heiligenstadt.de\/en\/wp-json\/wp\/v2\/pages\/2407\/revisions"}],"wp:attachment":[{"href":"https:\/\/sonnenschein-heiligenstadt.de\/en\/wp-json\/wp\/v2\/media?parent=2407"}],"curies":[{"name":"wp","href":"https:\/\/api.w.org\/{rel}","templated":true}]}}